{"id":195,"date":"2023-04-06T15:24:45","date_gmt":"2023-04-06T15:24:45","guid":{"rendered":"https:\/\/www.signalsfence.com\/?post_type=product&#038;p=195"},"modified":"2025-04-27T09:01:34","modified_gmt":"2025-04-27T09:01:34","slug":"11-bands-portable-suitcase-type-0-60m-adjustable-cell-phone-2g-3g-4g-wifi-bluetooth-gps-lojack-walkie-talkie-remote-control-signal-jammer-with-built-in-battery","status":"publish","type":"product","link":"https:\/\/www.signalsfence.com\/de\/produkt\/11-bands-portable-suitcase-type-0-60m-adjustable-cell-phone-2g-3g-4g-wifi-bluetooth-gps-lojack-walkie-talkie-remote-control-signal-jammer-with-built-in-battery\/","title":{"rendered":"11 Bands Portable Suitcase Type 0-60m Adjustable Cell Phone 2G 3G 4G &amp; WiFi \/ Bluetooth &amp; GPS &amp; LoJack &amp; Walkie-Talkie &amp; Remote Control Signal Jammer mit Built-in Batterie"},"content":{"rendered":"<p>Einzelne Ausgangsleistung (jedes Band): \u2264 37dBm \/ 5W (einstellbar mit<br \/>\nLeistungsregulierungsknopf)<br \/>\nMerkmale: tragbares Kofferdesign, eingebaute Batterie, ausgezeichnetes K\u00fchlsystem, Echtzeit-Batteriespannungsanzeige, Alarm bei niedriger Batteriespannung, VSWR-Schutz, unabh\u00e4ngiges Moduldesign f\u00fcr jeden Kanal, Milit\u00e4r<br \/>\nQualit\u00e4t, Unterst\u00fctzung von drei unabh\u00e4ngigen Stromversorgungsmodi (mit 4C-Schalter, flexibler, geeignet f\u00fcr verschiedene Orte):<br \/>\n1. AC-Netzteil (AC\/DC-Adapter (Eingang: AC100V-240V; Ausgang:<br \/>\nDC27V\/6.2A))<br \/>\n2. Eingebaute Batterie-Stromversorgung (optional): eingebaute DC24V 20AH hohe Kapazit\u00e4t Li-Ionen-Akku, kann kontinuierlich arbeiten<br \/>\nf\u00fcr 1,5-2 Stunden mit einer vollen Ladung<br \/>\n3. Externe Notstromversorgung: ein beliebiger externer Netzadapter oder<br \/>\nBatterie unter DC24V 15A<br \/>\nGewicht der Haupteinheit: 13,2 kg Abmessungen: 517*433*200 mm<br \/>\nPaket Gewicht (N.W.): 16kg<br \/>\nVerpackung: neutrale Verpackung, OEM ist verf\u00fcgbar<\/p>","protected":false},"excerpt":{"rendered":"<p>Antenne: 11 St\u00fcck omnidirektionale Antennen<br \/>\nJamming Radius: 0-60m einstellbar (@-75dBm, h\u00e4ngt noch von der<br \/>\nSignalst\u00e4rke in einem bestimmten Gebiet)<\/p>\n<p>Frequenzb\u00e4nder (f\u00fcr Europa, Gro\u00dfbritannien, den Nahen Osten und Afrika, k\u00f6nnen angepasst werden):<br \/>\n1. GSM 900 \/ CDMA 850 \/ RC868 \/ RC915 \/ LoRa: 850-960MHz<br \/>\n2. GSM 1800 \/ DCS \/ 4G FDD-LTE 1800: 1805-1880MHz<br \/>\n3. 3G \/ WCDMA \/ UMTS 2100: 2110-2170MHz<br \/>\n4. 4G FDD&amp;TD-LTE 2600: 2570-2690MHz<br \/>\n5. 4G FDD-LTE 800: 758-821MHz<br \/>\n6. 2.4G WiFi \/ Bluetooth: 2400-2500MHz<br \/>\n7. GPS L1 \/ Galileo E1 \/ Glonass L1 \/ BeiDou B1: 1520-1620MHz<br \/>\n8. GPS L2+L5 \/Galileo E5a+E5b+E6 \/Glonass L2+L3 \/BeiDou B2+B3:<br \/>\n1160-1300MHz<br \/>\n9. LoJack \/ VHF-Funk: 135-175MHz<br \/>\n10. UHF-Funk \/ RC433: 400-470MHz<br \/>\n11. RC315: 315MHz<\/p>","protected":false},"featured_media":200,"comment_status":"open","ping_status":"closed","template":"","meta":[],"product_brand":[],"product_cat":[23,15,20,25,19,26],"product_tag":[28],"class_list":{"0":"post-195","1":"product","2":"type-product","3":"status-publish","4":"has-post-thumbnail","6":"product_cat-cell-phone-jammer","7":"product_cat-wifi-jammer","8":"product_cat-bluetooth-jammer","9":"product_cat-camera-jammer","10":"product_cat-gps-jammer","11":"product_cat-uhf-vhf-jammer","12":"product_tag-suitcase-jammer","14":"first","15":"instock","16":"sale","17":"shipping-taxable","18":"purchasable","19":"product-type-simple"},"_links":{"self":[{"href":"https:\/\/www.signalsfence.com\/de\/wp-json\/wp\/v2\/product\/195","targetHints":{"allow":["GET"]}}],"collection":[{"href":"https:\/\/www.signalsfence.com\/de\/wp-json\/wp\/v2\/product"}],"about":[{"href":"https:\/\/www.signalsfence.com\/de\/wp-json\/wp\/v2\/types\/product"}],"replies":[{"embeddable":true,"href":"https:\/\/www.signalsfence.com\/de\/wp-json\/wp\/v2\/comments?post=195"}],"wp:featuredmedia":[{"embeddable":true,"href":"https:\/\/www.signalsfence.com\/de\/wp-json\/wp\/v2\/media\/200"}],"wp:attachment":[{"href":"https:\/\/www.signalsfence.com\/de\/wp-json\/wp\/v2\/media?parent=195"}],"wp:term":[{"taxonomy":"product_brand","embeddable":true,"href":"https:\/\/www.signalsfence.com\/de\/wp-json\/wp\/v2\/product_brand?post=195"},{"taxonomy":"product_cat","embeddable":true,"href":"https:\/\/www.signalsfence.com\/de\/wp-json\/wp\/v2\/product_cat?post=195"},{"taxonomy":"product_tag","embeddable":true,"href":"https:\/\/www.signalsfence.com\/de\/wp-json\/wp\/v2\/product_tag?post=195"}],"curies":[{"name":"wp","href":"https:\/\/api.w.org\/{rel}","templated":true}]}}