{"id":175,"date":"2023-03-22T09:31:09","date_gmt":"2023-03-22T09:31:09","guid":{"rendered":"https:\/\/www.signalsfence.com\/?post_type=product&#038;p=175"},"modified":"2026-01-19T08:48:12","modified_gmt":"2026-01-19T08:48:12","slug":"2-antennas-lighter-gps-l1-l2-jammer-for-car","status":"publish","type":"product","link":"https:\/\/www.signalsfence.com\/de\/produkt\/2-antennas-lighter-gps-l1-l2-jammer-for-car\/","title":{"rendered":"2 Antennen leichter GPS L1 L2 St\u00f6rsender f\u00fcr Auto"},"content":{"rendered":"<p class=\"translation-block\">Gesamtleistung: 0,8 Watt<br>\nArbeitstemperatur: \u2013 30 ~ 60 \u2103<br>\nRelative Luftfeuchtigkeit: 5 ~ 95 %<br>\nLagertemperatur: \u2013 50 ~ 60 \u2103<br>\nStromquelle: Autoladeger\u00e4t<br>\nGewicht: 100g<\/p>\n<p class=\"translation-block\">Gebrauchsanweisung:<br>\n1. Nehmen Sie das GPS-Ger\u00e4t heraus und installieren Sie die Antenne.<br>\n2. Stecken Sie die entsprechende Zigarettenanz\u00fcnderschnittstelle des Autos ein.<br>\n3. Nachdem das Ger\u00e4t eingeschaltet wurde, leuchtet die Kontrollleuchte und es funktioniert normal.<br>\n4. Entfernen Sie den GPS-Signalst\u00f6rer direkt nach Gebrauch.<\/p>\n<p>Paket beinhaltet: 2-Band-Zigarettenanz\u00fcnder GPS-St\u00f6rsender * 1<\/p>","protected":false},"excerpt":{"rendered":"<p>2-Band-GPS-St\u00f6rsender, der die normalen zivilen globalen Satellitensignale L1 und L2 gleichzeitig st\u00f6ren kann. Es ist klein und versteckt. Es kann \u00fcber einen Zigarettenanz\u00fcnder betrieben werden. Es wird oft in Autos verwendet. Der maximale Interferenzradius betr\u00e4gt 10 Meter (abh\u00e4ngig von der Signalst\u00e4rke in einem bestimmten Bereich).<\/p>\n<p>St\u00f6rfrequenz:<br \/>\nGPS L1: 1500 - 1600 MHz<br \/>\nGPS L2: 1220 - 1230 MHz<\/p>","protected":false},"featured_media":176,"comment_status":"open","ping_status":"closed","template":"","meta":[],"product_brand":[],"product_cat":[19],"product_tag":[],"class_list":{"0":"post-175","1":"product","2":"type-product","3":"status-publish","4":"has-post-thumbnail","6":"product_cat-gps-jammer","8":"first","9":"instock","10":"sale","11":"shipping-taxable","12":"purchasable","13":"product-type-simple"},"_links":{"self":[{"href":"https:\/\/www.signalsfence.com\/de\/wp-json\/wp\/v2\/product\/175","targetHints":{"allow":["GET"]}}],"collection":[{"href":"https:\/\/www.signalsfence.com\/de\/wp-json\/wp\/v2\/product"}],"about":[{"href":"https:\/\/www.signalsfence.com\/de\/wp-json\/wp\/v2\/types\/product"}],"replies":[{"embeddable":true,"href":"https:\/\/www.signalsfence.com\/de\/wp-json\/wp\/v2\/comments?post=175"}],"wp:featuredmedia":[{"embeddable":true,"href":"https:\/\/www.signalsfence.com\/de\/wp-json\/wp\/v2\/media\/176"}],"wp:attachment":[{"href":"https:\/\/www.signalsfence.com\/de\/wp-json\/wp\/v2\/media?parent=175"}],"wp:term":[{"taxonomy":"product_brand","embeddable":true,"href":"https:\/\/www.signalsfence.com\/de\/wp-json\/wp\/v2\/product_brand?post=175"},{"taxonomy":"product_cat","embeddable":true,"href":"https:\/\/www.signalsfence.com\/de\/wp-json\/wp\/v2\/product_cat?post=175"},{"taxonomy":"product_tag","embeddable":true,"href":"https:\/\/www.signalsfence.com\/de\/wp-json\/wp\/v2\/product_tag?post=175"}],"curies":[{"name":"wp","href":"https:\/\/api.w.org\/{rel}","templated":true}]}}