{"id":163,"date":"2023-03-02T10:41:13","date_gmt":"2023-03-02T10:41:13","guid":{"rendered":"https:\/\/www.signalsfence.com\/?post_type=product&#038;p=163"},"modified":"2025-09-23T23:00:45","modified_gmt":"2025-09-23T23:00:45","slug":"portable-cell-phone-signals-jammer-3g-4g-wifi-gps-l1-lojack-vhf","status":"publish","type":"product","link":"https:\/\/www.signalsfence.com\/de\/produkt\/portable-cell-phone-signals-jammer-3g-4g-wifi-gps-l1-lojack-vhf\/","title":{"rendered":"Tragbares Handy signalisiert St\u00f6rsender 3G 4G WIFI GPS L1 LOJACK VHF"},"content":{"rendered":"<p class=\"translation-block\">Sie k\u00f6nnen die 8 Frequenzb\u00e4nder (CDMA, GSM, DCS\/PCS, 3G, 4G, GPS, WIFI, LOJACK) ausw\u00e4hlen, die Sie in einem St\u00f6rsender ben\u00f6tigen.<br>\nSt\u00f6rreichweite: Bis zu 15 m, der St\u00f6rradius h\u00e4ngt immer noch von der Signalst\u00e4rke im jeweiligen Bereich ab.<\/p>\n<p class=\"translation-block\"><strong>Sperrfrequenzen:<\/strong><br>\n(1) CDMA\/GSM: 850\u2013960\u00a0MHz<br>\n(2) DCS\/PCS: 1805\u20131990 MHz<br>\n(3)3G: 2110-2170MHz<br>\n(4)GPS: 1570 MHz-1610 MHz<br>\n(5) WLAN: 2400-2485 MHz<br>\n(6)LOJACK: 168 MHz-178 MHz<br>\n(7)4G(LTE): 725\u2013770 ODER 790\u2013862<br>\n(8) 4G: 2345-2400 ODER 2620-2690 MHz<\/p>\n<p class=\"translation-block\">Gesamtausgangsleistung: 4W.<br>\nKleines Design, daher ist die Temperatur etwas h\u00f6her.<br>\nExterne omnidirektionale Antennen, die alle TX-Frequenzen abdecken, nur Downlink.<br>\nStromversorgung: 50 bis 60 Hz, 100 bis 240 V AC.<br>\nMit Netzteil (AC100-240V-DC12V), 4000mA\/H Akku.<br>\nAbmessungen: 130 x 80 x 38 mm und ohne Antennen.<br>\nAbmessungen Innenkarton: 230x170x70mm.<br>\nGesamtgewicht: 0,8 kg.<\/p>\n<p class=\"translation-block\"><strong>Vorteile:<\/strong><br>\n1. Mehrere B\u00e4nder.<br>\n2. Hohe Ausgangsleistung.<br>\n3. L\u00fcfter innen.<br>\n4. Kann im Auto direkt mit dem Autoladeger\u00e4t und dem AC-Ladeger\u00e4t verwendet werden.<\/p>\n<p class=\"translation-block\">ACHTUNG: Bevor Sie das Ger\u00e4t einschalten, m\u00fcssen Sie die Antennen gem\u00e4\u00df der Markierungsanzeige auf dem Hauptger\u00e4t installieren.<br>\nGarantie: Ein Jahr ab Lieferdatum.<\/p>","protected":false},"excerpt":{"rendered":"<p>You can select the 8 frequency bands(CDMA, GSM, DCS\/PCS, 3G, 4G, GPS, WIFI, LOJACK) you need in one jammer. Jamming range: up to 15m, the jamming radius still depends on the strength signal in given area. Blcoking Frequencies: (1)CDMA\/GSM: 850-960MHz (2)DCS\/PCS: 1805 -1990MHz (3)3G: 2110-2170MHz (4)GPS\uff1a1570MHZ-1610MHZ (5)WIFI: 2400-2485MHZ (6)LOJACK: 168MHZ-178MHZ (7)4G(LTE): 725-770 OR 790-862 (8)4G: [&hellip;]<\/p>","protected":false},"featured_media":166,"comment_status":"open","ping_status":"closed","template":"","meta":[],"product_brand":[],"product_cat":[23,15,20,19,26],"product_tag":[],"class_list":{"0":"post-163","1":"product","2":"type-product","3":"status-publish","4":"has-post-thumbnail","6":"product_cat-cell-phone-jammer","7":"product_cat-wifi-jammer","8":"product_cat-bluetooth-jammer","9":"product_cat-gps-jammer","10":"product_cat-uhf-vhf-jammer","12":"first","13":"instock","14":"sale","15":"shipping-taxable","16":"purchasable","17":"product-type-simple"},"_links":{"self":[{"href":"https:\/\/www.signalsfence.com\/de\/wp-json\/wp\/v2\/product\/163","targetHints":{"allow":["GET"]}}],"collection":[{"href":"https:\/\/www.signalsfence.com\/de\/wp-json\/wp\/v2\/product"}],"about":[{"href":"https:\/\/www.signalsfence.com\/de\/wp-json\/wp\/v2\/types\/product"}],"replies":[{"embeddable":true,"href":"https:\/\/www.signalsfence.com\/de\/wp-json\/wp\/v2\/comments?post=163"}],"wp:featuredmedia":[{"embeddable":true,"href":"https:\/\/www.signalsfence.com\/de\/wp-json\/wp\/v2\/media\/166"}],"wp:attachment":[{"href":"https:\/\/www.signalsfence.com\/de\/wp-json\/wp\/v2\/media?parent=163"}],"wp:term":[{"taxonomy":"product_brand","embeddable":true,"href":"https:\/\/www.signalsfence.com\/de\/wp-json\/wp\/v2\/product_brand?post=163"},{"taxonomy":"product_cat","embeddable":true,"href":"https:\/\/www.signalsfence.com\/de\/wp-json\/wp\/v2\/product_cat?post=163"},{"taxonomy":"product_tag","embeddable":true,"href":"https:\/\/www.signalsfence.com\/de\/wp-json\/wp\/v2\/product_tag?post=163"}],"curies":[{"name":"wp","href":"https:\/\/api.w.org\/{rel}","templated":true}]}}