{"id":153,"date":"2023-02-27T10:09:00","date_gmt":"2023-02-27T10:09:00","guid":{"rendered":"https:\/\/www.signalsfence.com\/?post_type=product&#038;p=153"},"modified":"2025-09-23T23:00:29","modified_gmt":"2025-09-23T23:00:29","slug":"2g-3g-4g-gps-wifi-lojack-signal-jammer-with-8-antennas","status":"publish","type":"product","link":"https:\/\/www.signalsfence.com\/de\/produkt\/2g-3g-4g-gps-wifi-lojack-signal-jammer-with-8-antennas\/","title":{"rendered":"2G 3G 4G GPS WiFi Lojack Signal St\u00f6rsender mit 8 Antennen"},"content":{"rendered":"","protected":false},"excerpt":{"rendered":"<p class=\"translation-block\">Eigenschaften:<br>\n1) Kein Schaden f\u00fcr Mobiltelefone: Dieser St\u00f6rsender verhindert nur, dass Mobiltelefone Signale senden oder empfangen, wenn sie sich im St\u00f6rbereich befinden.<br>\n2) Kann unter verschiedenen Umgebungen stabil und kontinuierlich funktionieren.<br>\n3) Gr\u00fcnes und umweltfreundliches Ger\u00e4t, kein Schaden f\u00fcr Menschen und Gegenst\u00e4nde.<br>\n4) Schnelle Anpassung: Basierend auf dem Empfindlichkeitsstatus jedes Mobiltelefons, normalerweise innerhalb von mehr als zehn Sekunden nach dem Einschalten, werden die Signale f\u00fcr alle Arten von Mobiltelefonen im Arbeitsbereich deaktiviert. Und ein paar Sekunden nach dem Ausschalten sind alle Mobiltelefone wieder normal.<br><\/p>\n<p class=\"translation-block\">Unterst\u00fctzte Frequenzen:<br>\nGSM: 920-965MHz<br>\nDCS: 1800\u20131880 MHz<br>\n3G-UMTS: 2110-2170MHz<br>\n4G Niedrig: 790\u2013880\u00a0MHz<br>\n4G hoch: 2620\u20132690\u00a0MHz<br>\nWLAN 11.b &amp; g: 2300\u20132500\u00a0MHz<br>\nGPS L1: 1575,42 MHz \u00b1 10 MHz<br>\nLojack: 173MHz<\/p>\n<p class=\"translation-block\">Arbeitsradius: 10\u201330 m, Hinweis: Die Reichweite variiert je nach Entfernung des Bedieners vom BTS-Zellenst\u00f6rsender.<br>\nAusgangsleistung: 18 W<br>\nStromversorgung: 220-V-Netzteil oder 12-V-Zigarettenanz\u00fcnderbuchse<\/p>","protected":false},"featured_media":154,"comment_status":"open","ping_status":"closed","template":"","meta":[],"product_brand":[],"product_cat":[23,15,19],"product_tag":[],"class_list":{"0":"post-153","1":"product","2":"type-product","3":"status-publish","4":"has-post-thumbnail","6":"product_cat-cell-phone-jammer","7":"product_cat-wifi-jammer","8":"product_cat-gps-jammer","10":"first","11":"instock","12":"sale","13":"shipping-taxable","14":"purchasable","15":"product-type-simple"},"_links":{"self":[{"href":"https:\/\/www.signalsfence.com\/de\/wp-json\/wp\/v2\/product\/153","targetHints":{"allow":["GET"]}}],"collection":[{"href":"https:\/\/www.signalsfence.com\/de\/wp-json\/wp\/v2\/product"}],"about":[{"href":"https:\/\/www.signalsfence.com\/de\/wp-json\/wp\/v2\/types\/product"}],"replies":[{"embeddable":true,"href":"https:\/\/www.signalsfence.com\/de\/wp-json\/wp\/v2\/comments?post=153"}],"wp:featuredmedia":[{"embeddable":true,"href":"https:\/\/www.signalsfence.com\/de\/wp-json\/wp\/v2\/media\/154"}],"wp:attachment":[{"href":"https:\/\/www.signalsfence.com\/de\/wp-json\/wp\/v2\/media?parent=153"}],"wp:term":[{"taxonomy":"product_brand","embeddable":true,"href":"https:\/\/www.signalsfence.com\/de\/wp-json\/wp\/v2\/product_brand?post=153"},{"taxonomy":"product_cat","embeddable":true,"href":"https:\/\/www.signalsfence.com\/de\/wp-json\/wp\/v2\/product_cat?post=153"},{"taxonomy":"product_tag","embeddable":true,"href":"https:\/\/www.signalsfence.com\/de\/wp-json\/wp\/v2\/product_tag?post=153"}],"curies":[{"name":"wp","href":"https:\/\/api.w.org\/{rel}","templated":true}]}}