{"id":116,"date":"2023-01-03T14:57:13","date_gmt":"2023-01-03T14:57:13","guid":{"rendered":"https:\/\/www.signalsfence.com\/?post_type=product&#038;p=116"},"modified":"2025-11-14T19:12:41","modified_gmt":"2025-11-14T19:12:41","slug":"5-bands-portable-hidden-all-gps-wifi-bluetoothor-lojack-signal-jammer-with-built-in-omni-antennas-without-battery","status":"publish","type":"product","link":"https:\/\/www.signalsfence.com\/de\/produkt\/5-bands-portable-hidden-all-gps-wifi-bluetoothor-lojack-signal-jammer-with-built-in-omni-antennas-without-battery\/","title":{"rendered":"5 Bands Portable Hidden All GPS &amp; WiFi \/ Bluetooth (oder LoJack) Signal St\u00f6rsender mit eingebauten Omni-Antennen (ohne Batterie)"},"content":{"rendered":"<p class=\"translation-block\">Antenne: 5 St\u00fcck eingebaute Rundstrahlantennen<br>\nSt\u00f6rende Objekte: GNSS, Satellitennavigation, Standortverfolgung, WLAN \/<br>\nBluetooth- und WLAN-Positionierung (oder LoJack) usw. Merkmal: Klein und leicht, tragbares Design, bequem zu tragen und zu verwenden;<br>\nMit eingebauten Omni-Antennen, versteckter und geheimer St\u00f6rung. Einzelne Ausgangsleistung: 30 dBm \/ 1 W<br>\nStromversorgung: DC12-24V Zigarettenanz\u00fcnder \/ DC5-36V Powerbank<br>\nGr\u00f6\u00dfe: 160*100*30 mm Gewicht: 200g<br>\nVerpackung: neutrale Verpackung, OEM ist verf\u00fcgbar<\/p>","protected":false},"excerpt":{"rendered":"<p>Typ: Tragbarer GPS-Signalst\u00f6rsender<\/p>\n<p class=\"translation-block\">St\u00f6rradius: ca. 15m (noch abh\u00e4ngig von der GPS-Signalst\u00e4rke)<br>\nFrequenzb\u00e4nder (kann angepasst werden):<\/p>\n<p>1. GPS L1 \/ Galileo E1 \/ Glonass L1 \/ BeiDou B1: 1520-1620MHz<br \/>\n2. GPS L2 \/ Galileo E6 \/ Glonass L2 \/ BeiDou B3: 1215-1300MHz<br \/>\n3. GPS L3+L4: 1300-1400MHz<br \/>\n4. GPS L5 \/ Galileo E5a+E5b \/ Glonass L3 \/ BeiDou B2: 1160- 1215MHz<br \/>\n5. 2.4G WiFi \/ Bluetooth: 2400-2500MHz (oder LoJack: 167-175MHz, optional)<\/p>","protected":false},"featured_media":110,"comment_status":"open","ping_status":"closed","template":"","meta":[],"product_brand":[],"product_cat":[19,15],"product_tag":[],"class_list":{"0":"post-116","1":"product","2":"type-product","3":"status-publish","4":"has-post-thumbnail","6":"product_cat-gps-jammer","7":"product_cat-wifi-jammer","9":"first","10":"instock","11":"sale","12":"shipping-taxable","13":"purchasable","14":"product-type-simple"},"_links":{"self":[{"href":"https:\/\/www.signalsfence.com\/de\/wp-json\/wp\/v2\/product\/116","targetHints":{"allow":["GET"]}}],"collection":[{"href":"https:\/\/www.signalsfence.com\/de\/wp-json\/wp\/v2\/product"}],"about":[{"href":"https:\/\/www.signalsfence.com\/de\/wp-json\/wp\/v2\/types\/product"}],"replies":[{"embeddable":true,"href":"https:\/\/www.signalsfence.com\/de\/wp-json\/wp\/v2\/comments?post=116"}],"wp:featuredmedia":[{"embeddable":true,"href":"https:\/\/www.signalsfence.com\/de\/wp-json\/wp\/v2\/media\/110"}],"wp:attachment":[{"href":"https:\/\/www.signalsfence.com\/de\/wp-json\/wp\/v2\/media?parent=116"}],"wp:term":[{"taxonomy":"product_brand","embeddable":true,"href":"https:\/\/www.signalsfence.com\/de\/wp-json\/wp\/v2\/product_brand?post=116"},{"taxonomy":"product_cat","embeddable":true,"href":"https:\/\/www.signalsfence.com\/de\/wp-json\/wp\/v2\/product_cat?post=116"},{"taxonomy":"product_tag","embeddable":true,"href":"https:\/\/www.signalsfence.com\/de\/wp-json\/wp\/v2\/product_tag?post=116"}],"curies":[{"name":"wp","href":"https:\/\/api.w.org\/{rel}","templated":true}]}}