{"id":115,"date":"2023-01-03T14:55:38","date_gmt":"2023-01-03T14:55:38","guid":{"rendered":"https:\/\/www.signalsfence.com\/?post_type=product&#038;p=115"},"modified":"2025-05-29T15:06:57","modified_gmt":"2025-05-29T15:06:57","slug":"5-bands-portable-hidden-cell-phone-2g-3g-gps-signal-jammer-with-built-in-omni-antennas-without-battery","status":"publish","type":"product","link":"https:\/\/www.signalsfence.com\/de\/produkt\/5-bands-portable-hidden-cell-phone-2g-3g-gps-signal-jammer-with-built-in-omni-antennas-without-battery\/","title":{"rendered":"Tragbares verstecktes 5-Band-Handy 2G 3G &amp; GPS-Signalst\u00f6rsender mit eingebauten Omni-Antennen (ohne Batterie)"},"content":{"rendered":"<p class=\"translation-block\">Antenne: 5 St\u00fcck eingebaute Rundstrahlantennen<br>\nSt\u00f6rende Objekte: Weltweites 2G\/3G-Mobilfunknetz, GNSS, Satellit<br>\nNavigation (alle Galileo-B\u00e4nder), Standortverfolgung ... Funktion: Klein und leicht, tragbares Design, bequem zu tragen und zu verwenden;<br>\nMit eingebauten Omni-Antennen, versteckter und geheimer St\u00f6rung. Einzelne Ausgangsleistung: 30 dBm \/ 1 W<br>\nStromversorgung: DC12-24V Zigarettenanz\u00fcnder \/ DC5-36V Powerbank<br>\nGr\u00f6\u00dfe: 160*100*30 mm Gewicht: 200g<br>\nVerpackung: neutrale Verpackung, OEM ist verf\u00fcgbar<\/p>","protected":false},"excerpt":{"rendered":"<p>Typ: Tragbarer GPS-Signalst\u00f6rsender<\/p>\n<p>St\u00f6rradius: ca. 15m (immer noch abh\u00e4ngig von der GPS-Signalst\u00e4rke)<\/p>\n<p>Frequenzb\u00e4nder (kann angepasst werden):<br \/>\n1. GSM \/ CDMA: 850-960MHz<br \/>\n2. DCS \/ PCS: 1805-1990MHz<br \/>\n3. 3G \/ WCDMA \/ UMTS 2100: 2110-2170MHz<br \/>\n4. GPS L1 \/ Galileo E1 \/ Glonass L1 \/ BeiDou B1: 1520-1620MHz<br \/>\n5. GPS L2+L5 \/Galileo E5a+E5b+E6 \/Glonass L2+L3 \/BeiDou B2+B3:<br \/>\n1160-1300MHz<\/p>","protected":false},"featured_media":110,"comment_status":"open","ping_status":"closed","template":"","meta":[],"product_brand":[],"product_cat":[19],"product_tag":[],"class_list":{"0":"post-115","1":"product","2":"type-product","3":"status-publish","4":"has-post-thumbnail","6":"product_cat-gps-jammer","8":"first","9":"instock","10":"sale","11":"shipping-taxable","12":"purchasable","13":"product-type-simple"},"_links":{"self":[{"href":"https:\/\/www.signalsfence.com\/de\/wp-json\/wp\/v2\/product\/115","targetHints":{"allow":["GET"]}}],"collection":[{"href":"https:\/\/www.signalsfence.com\/de\/wp-json\/wp\/v2\/product"}],"about":[{"href":"https:\/\/www.signalsfence.com\/de\/wp-json\/wp\/v2\/types\/product"}],"replies":[{"embeddable":true,"href":"https:\/\/www.signalsfence.com\/de\/wp-json\/wp\/v2\/comments?post=115"}],"wp:featuredmedia":[{"embeddable":true,"href":"https:\/\/www.signalsfence.com\/de\/wp-json\/wp\/v2\/media\/110"}],"wp:attachment":[{"href":"https:\/\/www.signalsfence.com\/de\/wp-json\/wp\/v2\/media?parent=115"}],"wp:term":[{"taxonomy":"product_brand","embeddable":true,"href":"https:\/\/www.signalsfence.com\/de\/wp-json\/wp\/v2\/product_brand?post=115"},{"taxonomy":"product_cat","embeddable":true,"href":"https:\/\/www.signalsfence.com\/de\/wp-json\/wp\/v2\/product_cat?post=115"},{"taxonomy":"product_tag","embeddable":true,"href":"https:\/\/www.signalsfence.com\/de\/wp-json\/wp\/v2\/product_tag?post=115"}],"curies":[{"name":"wp","href":"https:\/\/api.w.org\/{rel}","templated":true}]}}