{"id":113,"date":"2023-01-03T14:38:44","date_gmt":"2023-01-03T14:38:44","guid":{"rendered":"https:\/\/www.signalsfence.com\/?post_type=product&#038;p=113"},"modified":"2023-01-03T14:46:46","modified_gmt":"2023-01-03T14:46:46","slug":"5-bands-portable-hidden-cell-phone-2g-3g-wifi-bluetooth-lbs-gps-signal-jammer-with-built-in-omni-antennas-without-battery","status":"publish","type":"product","link":"https:\/\/www.signalsfence.com\/de\/produkt\/5-bands-portable-hidden-cell-phone-2g-3g-wifi-bluetooth-lbs-gps-signal-jammer-with-built-in-omni-antennas-without-battery\/","title":{"rendered":"5 Bands Portable Hidden Cell Phone 2G 3G &amp; WiFi \/ Bluetooth (LBS) &amp; GPS Signal Jammer mit eingebauten Omni-Antennen (ohne Batterie)"},"content":{"rendered":"<p>Antenne: 5 St\u00fcck eingebaute Rundstrahlantennen<br \/>\nSt\u00f6robjekte: Weltweites 2G\/3G-Mobilfunk- und WiFi\/Bluetooth-Netz<br \/>\n(LBS), WLAN-Ortung, GNSS, Satellitennavigation, Standortbestimmung<br \/>\nVerfolgung... Merkmal: Klein &amp; leicht, tragbares Design, bequem zu tragen und zu verwenden;<br \/>\nMit eingebauten Omni-Antennen, verstecktes und geheimes Jammen. Einzelne Ausgangsleistung: 30dBm \/ 1W<br \/>\nStromversorgung: DC12-24V Auto-Zigarettenanz\u00fcnder \/ DC5-36V Powerbank<br \/>\nGr\u00f6\u00dfe: 160*100*30 mm Gewicht: 200g<br \/>\nVerpackung: neutrale Verpackung, OEM ist verf\u00fcgbar<\/p>","protected":false},"excerpt":{"rendered":"<p>Typ: Tragbarer GPS-Signalst\u00f6rsender<\/p>\n<p>St\u00f6rradius: ca. 15m (immer noch abh\u00e4ngig von der GPS-Signalst\u00e4rke)<\/p>\n<p>Frequenzb\u00e4nder (kann angepasst werden):<\/p>\n<p>1. GSM \/ CDMA: 850-960MHz<br \/>\n2. DCS \/ PCS: 1805-1990MHz<br \/>\n3. 3G \/ WCDMA \/ UMTS 2100: 2110-2170MHz<br \/>\n4. 2.4G WiFi \/ Bluetooth: 2400-2500MHz<br \/>\n5. GPS L1 \/ Galileo E1 \/ Glonass L1 \/ BeiDou B1: 1520-1620MHz<\/p>","protected":false},"featured_media":110,"comment_status":"open","ping_status":"closed","template":"","meta":[],"product_brand":[],"product_cat":[19],"product_tag":[],"class_list":{"0":"post-113","1":"product","2":"type-product","3":"status-publish","4":"has-post-thumbnail","6":"product_cat-gps-jammer","8":"first","9":"instock","10":"sale","11":"shipping-taxable","12":"purchasable","13":"product-type-simple"},"_links":{"self":[{"href":"https:\/\/www.signalsfence.com\/de\/wp-json\/wp\/v2\/product\/113","targetHints":{"allow":["GET"]}}],"collection":[{"href":"https:\/\/www.signalsfence.com\/de\/wp-json\/wp\/v2\/product"}],"about":[{"href":"https:\/\/www.signalsfence.com\/de\/wp-json\/wp\/v2\/types\/product"}],"replies":[{"embeddable":true,"href":"https:\/\/www.signalsfence.com\/de\/wp-json\/wp\/v2\/comments?post=113"}],"wp:featuredmedia":[{"embeddable":true,"href":"https:\/\/www.signalsfence.com\/de\/wp-json\/wp\/v2\/media\/110"}],"wp:attachment":[{"href":"https:\/\/www.signalsfence.com\/de\/wp-json\/wp\/v2\/media?parent=113"}],"wp:term":[{"taxonomy":"product_brand","embeddable":true,"href":"https:\/\/www.signalsfence.com\/de\/wp-json\/wp\/v2\/product_brand?post=113"},{"taxonomy":"product_cat","embeddable":true,"href":"https:\/\/www.signalsfence.com\/de\/wp-json\/wp\/v2\/product_cat?post=113"},{"taxonomy":"product_tag","embeddable":true,"href":"https:\/\/www.signalsfence.com\/de\/wp-json\/wp\/v2\/product_tag?post=113"}],"curies":[{"name":"wp","href":"https:\/\/api.w.org\/{rel}","templated":true}]}}